{"id":37,"date":"2023-04-14T00:20:51","date_gmt":"2023-04-14T00:20:51","guid":{"rendered":"https:\/\/itc-heyder.de\/?page_id=37"},"modified":"2023-04-14T15:02:53","modified_gmt":"2023-04-14T15:02:53","slug":"service-support","status":"publish","type":"page","link":"https:\/\/www.itc-heyder.de\/index.php\/service-support\/","title":{"rendered":"Service &#038; Support"},"content":{"rendered":"\n<h2 class=\"wp-block-heading\">F\u00fcr unsere Kunden da zu sein, wenn Sie unsere Hilfe ben\u00f6tigen.<\/h2>\n\n\n\n<p>Nach diesem Motto sind wir f\u00fcr unsere Kunden da, wenn sie unsere Hilfe ben\u00f6tigen. Sei es, dass eine neue Tastatur ben\u00f6tigt wird, weil auf ihr der Vormittagskaffee versch\u00fcttet wurde oder dass es durch eine defekte Festplatte in einem Rechner zu einem Stillstand der Buchhaltung, bzw. zu einem Stillstand der Produktion kommt.<\/p>\n\n\n\n<h2 class=\"wp-block-heading\">WIR SIND F\u00dcR SIE DA.<\/h2>\n\n\n\n<p>Wir bieten Ihnen Service zu folgenden Produkten und Dienstleistungen<\/p>\n\n\n\n<ul class=\"wp-block-list\">\n<li>Wartung von Betriebssystemen (Windows Produktfamilie, Mac OS)<\/li>\n\n\n\n<li>Wartung von Office-Software (z.B. MS Office, Access)<\/li>\n\n\n\n<li>Konfiguration und Wartung von Netzwerkdiensten (z.B. WLAN Netzwerken, Hubs, Switch, DSL)<\/li>\n\n\n\n<li>Pr\u00fcfen von Netzwerken auf ihre Leistungsf\u00e4higkeit<\/li>\n\n\n\n<li>Laufende Wartungsarbeiten und Updates der betrieblichen Software<\/li>\n\n\n\n<li>Schulung der Mitarbeiter bei System- und Technologie\u00e4nderungen<\/li>\n\n\n\n<li>Konfiguration und Wartung von Content-Management-Systemen<\/li>\n<\/ul>\n","protected":false},"excerpt":{"rendered":"<p>F\u00fcr unsere Kunden da zu sein, wenn Sie unsere Hilfe ben\u00f6tigen. Nach diesem Motto sind wir f\u00fcr unsere Kunden da, wenn sie unsere Hilfe ben\u00f6tigen. Sei es, dass eine neue Tastatur ben\u00f6tigt wird, weil auf ihr der Vormittagskaffee versch\u00fcttet wurde oder dass es durch eine defekte Festplatte in einem Rechner zu einem Stillstand der Buchhaltung, [&hellip;]<\/p>\n","protected":false},"author":2,"featured_media":0,"parent":0,"menu_order":0,"comment_status":"closed","ping_status":"closed","template":"","meta":{"footnotes":""},"class_list":["post-37","page","type-page","status-publish","hentry"],"yoast_head":"<!-- This site is optimized with the Yoast SEO plugin v27.5 - https:\/\/yoast.com\/product\/yoast-seo-wordpress\/ -->\n<title>Service &amp; Support - IT Consulting Heyder<\/title>\n<meta name=\"robots\" content=\"index, follow, max-snippet:-1, max-image-preview:large, max-video-preview:-1\" \/>\n<link rel=\"canonical\" href=\"https:\/\/www.itc-heyder.de\/index.php\/service-support\/\" \/>\n<meta property=\"og:locale\" content=\"de_DE\" \/>\n<meta property=\"og:type\" content=\"article\" \/>\n<meta property=\"og:title\" content=\"Service &amp; Support - IT Consulting Heyder\" \/>\n<meta property=\"og:description\" content=\"F\u00fcr unsere Kunden da zu sein, wenn Sie unsere Hilfe ben\u00f6tigen. Nach diesem Motto sind wir f\u00fcr unsere Kunden da, wenn sie unsere Hilfe ben\u00f6tigen. Sei es, dass eine neue Tastatur ben\u00f6tigt wird, weil auf ihr der Vormittagskaffee versch\u00fcttet wurde oder dass es durch eine defekte Festplatte in einem Rechner zu einem Stillstand der Buchhaltung, [&hellip;]\" \/>\n<meta property=\"og:url\" content=\"https:\/\/www.itc-heyder.de\/index.php\/service-support\/\" \/>\n<meta property=\"og:site_name\" content=\"IT Consulting Heyder\" \/>\n<meta property=\"article:modified_time\" content=\"2023-04-14T15:02:53+00:00\" \/>\n<meta name=\"twitter:card\" content=\"summary_large_image\" \/>\n<meta name=\"twitter:label1\" content=\"Gesch\u00e4tzte Lesezeit\" \/>\n\t<meta name=\"twitter:data1\" content=\"1\u00a0Minute\" \/>\n<script type=\"application\/ld+json\" class=\"yoast-schema-graph\">{\"@context\":\"https:\\\/\\\/schema.org\",\"@graph\":[{\"@type\":\"WebPage\",\"@id\":\"https:\\\/\\\/www.itc-heyder.de\\\/index.php\\\/service-support\\\/\",\"url\":\"https:\\\/\\\/www.itc-heyder.de\\\/index.php\\\/service-support\\\/\",\"name\":\"Service & Support - IT Consulting Heyder\",\"isPartOf\":{\"@id\":\"https:\\\/\\\/www.itc-heyder.de\\\/#website\"},\"datePublished\":\"2023-04-14T00:20:51+00:00\",\"dateModified\":\"2023-04-14T15:02:53+00:00\",\"breadcrumb\":{\"@id\":\"https:\\\/\\\/www.itc-heyder.de\\\/index.php\\\/service-support\\\/#breadcrumb\"},\"inLanguage\":\"de\",\"potentialAction\":[{\"@type\":\"ReadAction\",\"target\":[\"https:\\\/\\\/www.itc-heyder.de\\\/index.php\\\/service-support\\\/\"]}]},{\"@type\":\"BreadcrumbList\",\"@id\":\"https:\\\/\\\/www.itc-heyder.de\\\/index.php\\\/service-support\\\/#breadcrumb\",\"itemListElement\":[{\"@type\":\"ListItem\",\"position\":1,\"name\":\"Startseite\",\"item\":\"https:\\\/\\\/www.itc-heyder.de\\\/index.php\\\/home\\\/\"},{\"@type\":\"ListItem\",\"position\":2,\"name\":\"Service &#038; Support\"}]},{\"@type\":\"WebSite\",\"@id\":\"https:\\\/\\\/www.itc-heyder.de\\\/#website\",\"url\":\"https:\\\/\\\/www.itc-heyder.de\\\/\",\"name\":\"IT Consulting Heyder\",\"description\":\"Immer gut Beraten\",\"publisher\":{\"@id\":\"https:\\\/\\\/www.itc-heyder.de\\\/#organization\"},\"potentialAction\":[{\"@type\":\"SearchAction\",\"target\":{\"@type\":\"EntryPoint\",\"urlTemplate\":\"https:\\\/\\\/www.itc-heyder.de\\\/?s={search_term_string}\"},\"query-input\":{\"@type\":\"PropertyValueSpecification\",\"valueRequired\":true,\"valueName\":\"search_term_string\"}}],\"inLanguage\":\"de\"},{\"@type\":\"Organization\",\"@id\":\"https:\\\/\\\/www.itc-heyder.de\\\/#organization\",\"name\":\"IT Consulting Heyder\",\"alternateName\":\"IT Beratung Heyder\",\"url\":\"https:\\\/\\\/www.itc-heyder.de\\\/\",\"logo\":{\"@type\":\"ImageObject\",\"inLanguage\":\"de\",\"@id\":\"https:\\\/\\\/www.itc-heyder.de\\\/#\\\/schema\\\/logo\\\/image\\\/\",\"url\":\"https:\\\/\\\/i0.wp.com\\\/itc-heyder.de\\\/wp-content\\\/uploads\\\/2023\\\/04\\\/itc-heyder.jpeg?fit=449%2C368&ssl=1\",\"contentUrl\":\"https:\\\/\\\/i0.wp.com\\\/itc-heyder.de\\\/wp-content\\\/uploads\\\/2023\\\/04\\\/itc-heyder.jpeg?fit=449%2C368&ssl=1\",\"width\":449,\"height\":368,\"caption\":\"IT Consulting Heyder\"},\"image\":{\"@id\":\"https:\\\/\\\/www.itc-heyder.de\\\/#\\\/schema\\\/logo\\\/image\\\/\"}}]}<\/script>\n<!-- \/ Yoast SEO plugin. -->","yoast_head_json":{"title":"Service & Support - IT Consulting Heyder","robots":{"index":"index","follow":"follow","max-snippet":"max-snippet:-1","max-image-preview":"max-image-preview:large","max-video-preview":"max-video-preview:-1"},"canonical":"https:\/\/www.itc-heyder.de\/index.php\/service-support\/","og_locale":"de_DE","og_type":"article","og_title":"Service & Support - IT Consulting Heyder","og_description":"F\u00fcr unsere Kunden da zu sein, wenn Sie unsere Hilfe ben\u00f6tigen. Nach diesem Motto sind wir f\u00fcr unsere Kunden da, wenn sie unsere Hilfe ben\u00f6tigen. Sei es, dass eine neue Tastatur ben\u00f6tigt wird, weil auf ihr der Vormittagskaffee versch\u00fcttet wurde oder dass es durch eine defekte Festplatte in einem Rechner zu einem Stillstand der Buchhaltung, [&hellip;]","og_url":"https:\/\/www.itc-heyder.de\/index.php\/service-support\/","og_site_name":"IT Consulting Heyder","article_modified_time":"2023-04-14T15:02:53+00:00","twitter_card":"summary_large_image","twitter_misc":{"Gesch\u00e4tzte Lesezeit":"1\u00a0Minute"},"schema":{"@context":"https:\/\/schema.org","@graph":[{"@type":"WebPage","@id":"https:\/\/www.itc-heyder.de\/index.php\/service-support\/","url":"https:\/\/www.itc-heyder.de\/index.php\/service-support\/","name":"Service & Support - IT Consulting Heyder","isPartOf":{"@id":"https:\/\/www.itc-heyder.de\/#website"},"datePublished":"2023-04-14T00:20:51+00:00","dateModified":"2023-04-14T15:02:53+00:00","breadcrumb":{"@id":"https:\/\/www.itc-heyder.de\/index.php\/service-support\/#breadcrumb"},"inLanguage":"de","potentialAction":[{"@type":"ReadAction","target":["https:\/\/www.itc-heyder.de\/index.php\/service-support\/"]}]},{"@type":"BreadcrumbList","@id":"https:\/\/www.itc-heyder.de\/index.php\/service-support\/#breadcrumb","itemListElement":[{"@type":"ListItem","position":1,"name":"Startseite","item":"https:\/\/www.itc-heyder.de\/index.php\/home\/"},{"@type":"ListItem","position":2,"name":"Service &#038; Support"}]},{"@type":"WebSite","@id":"https:\/\/www.itc-heyder.de\/#website","url":"https:\/\/www.itc-heyder.de\/","name":"IT Consulting Heyder","description":"Immer gut Beraten","publisher":{"@id":"https:\/\/www.itc-heyder.de\/#organization"},"potentialAction":[{"@type":"SearchAction","target":{"@type":"EntryPoint","urlTemplate":"https:\/\/www.itc-heyder.de\/?s={search_term_string}"},"query-input":{"@type":"PropertyValueSpecification","valueRequired":true,"valueName":"search_term_string"}}],"inLanguage":"de"},{"@type":"Organization","@id":"https:\/\/www.itc-heyder.de\/#organization","name":"IT Consulting Heyder","alternateName":"IT Beratung Heyder","url":"https:\/\/www.itc-heyder.de\/","logo":{"@type":"ImageObject","inLanguage":"de","@id":"https:\/\/www.itc-heyder.de\/#\/schema\/logo\/image\/","url":"https:\/\/i0.wp.com\/itc-heyder.de\/wp-content\/uploads\/2023\/04\/itc-heyder.jpeg?fit=449%2C368&ssl=1","contentUrl":"https:\/\/i0.wp.com\/itc-heyder.de\/wp-content\/uploads\/2023\/04\/itc-heyder.jpeg?fit=449%2C368&ssl=1","width":449,"height":368,"caption":"IT Consulting Heyder"},"image":{"@id":"https:\/\/www.itc-heyder.de\/#\/schema\/logo\/image\/"}}]}},"_links":{"self":[{"href":"https:\/\/www.itc-heyder.de\/index.php\/wp-json\/wp\/v2\/pages\/37","targetHints":{"allow":["GET"]}}],"collection":[{"href":"https:\/\/www.itc-heyder.de\/index.php\/wp-json\/wp\/v2\/pages"}],"about":[{"href":"https:\/\/www.itc-heyder.de\/index.php\/wp-json\/wp\/v2\/types\/page"}],"author":[{"embeddable":true,"href":"https:\/\/www.itc-heyder.de\/index.php\/wp-json\/wp\/v2\/users\/2"}],"replies":[{"embeddable":true,"href":"https:\/\/www.itc-heyder.de\/index.php\/wp-json\/wp\/v2\/comments?post=37"}],"version-history":[{"count":4,"href":"https:\/\/www.itc-heyder.de\/index.php\/wp-json\/wp\/v2\/pages\/37\/revisions"}],"predecessor-version":[{"id":48,"href":"https:\/\/www.itc-heyder.de\/index.php\/wp-json\/wp\/v2\/pages\/37\/revisions\/48"}],"wp:attachment":[{"href":"https:\/\/www.itc-heyder.de\/index.php\/wp-json\/wp\/v2\/media?parent=37"}],"curies":[{"name":"wp","href":"https:\/\/api.w.org\/{rel}","templated":true}]}}